{"id":34,"date":"2023-09-14T20:02:52","date_gmt":"2023-09-14T20:02:52","guid":{"rendered":"https:\/\/multicat.ung.si\/?page_id=34"},"modified":"2025-04-05T08:56:45","modified_gmt":"2025-04-05T08:56:45","slug":"publications","status":"publish","type":"page","link":"https:\/\/multicat.ung.si\/?page_id=34","title":{"rendered":"Publications"},"content":{"rendered":"\n<p><strong>List of selected published papers<\/strong><\/p>\n\n\n\n<p><strong>1.<\/strong> &nbsp;&nbsp;&nbsp; Z. Huang, Z. Wang, Q. Zhou, H. Rabl, S. Naghdi, Z. Yang, D. Eder<em>, <mark style=\"background-color:rgba(0, 0, 0, 0)\" class=\"has-inline-color has-vivid-cyan-blue-color\">Engineering of HO\u2013Zn\u2013N<sub>2<\/sub> Active Sites in Zeolitic Imidazolate Frameworks for Enhanced (Photo)Electrocatalytic Hydrogen Evolution<\/mark><\/em>, Angew. Chem. Int. Ed. 2024, e202419913 (Hot Paper). DOI: 10.1002\/anie.202419913.<\/p>\n\n\n\n<p><strong>2.<\/strong> &nbsp;&nbsp;&nbsp; Z. Huang, Z. Wang, H. Rabl, S. Naghdi, Q. Zhou, S. Schwarz, D.H. Apaydin, Y. Yu, D. Eder, D. <em><mark style=\"background-color:rgba(0, 0, 0, 0)\" class=\"has-inline-color has-vivid-cyan-blue-color\">Ligand engineering enhances (photo) electrocatalytic activity and stability of zeolitic imidazolate frameworks via in-situ surface reconstruction<\/mark>.<\/em> Nat. Commun. 2024, 15 (1), 9393. DOI: 10.1038\/s41467-024-53385-0.<\/p>\n\n\n\n<p><strong>3.<\/strong> &nbsp;&nbsp;&nbsp; Huang, Z.; Rath, J.; Zhou, Q.; Cherevan, A.; Naghdi, S.; Eder, D. <em><mark style=\"background-color:rgba(0, 0, 0, 0)\" class=\"has-inline-color has-vivid-cyan-blue-color\">Hierarchically Micro- and Mesoporous Zeolitic Imidazolate Frameworks Through Selective Ligand Removal<\/mark><\/em>, Small 2024, 20 (21), 2307981. DOI: 10.1002\/smll.202307981.<\/p>\n\n\n\n<p><strong>4.<\/strong> &nbsp;&nbsp;&nbsp; S. Naghdi, M. Zendehbad, P. Ayala, T. Haunold, S. Biswas, M. C. Toroker, M. Weil, G. Rupprechter, D. Eder, <em><mark style=\"background-color:rgba(0, 0, 0, 0)\" class=\"has-inline-color has-vivid-cyan-blue-color\">A Design Concept Towards Water-Stable Cu-Based MOFs for Efficient Nitrate Adsorption<\/mark>,<\/em> 20 August 2024, https:\/\/chemrxiv.org\/engage\/chemrxiv\/article-details\/66c45c07f3f4b052906a3d81<\/p>\n\n\n\n<p><strong>5.<\/strong> &nbsp;&nbsp;&nbsp; P. Ayala, S. Naghdi, S. P. Nandan, S. N. Myakala, J. Rath, H. Saito, P. Guggenberger, L. Lakhanlal, F. Kleitz, M. C. Toroker, A. Cherevan, D. Eder, <em><mark style=\"background-color:rgba(0, 0, 0, 0)\" class=\"has-inline-color has-vivid-cyan-blue-color\">The Emergence of 2D Building Units in Metal-Organic Frameworks for Photocatalytic Hydrogen Evolution: A Case Study with COK-47The Emergence of 2D Building Units in Metal-Organic Frameworks for Photocatalytic Hydrogen Evolution: A Case Study with COK-47<\/mark><\/em>, Advanced Energy Materials (2023), 2300961<\/p>\n\n\n\n<p><strong>6.<\/strong> &nbsp;&nbsp;&nbsp; S. Naghdi, E. Brown, M. Zendehbad, A. Duong, W. Ipsmiller, S. Biswas, M. C. Toroker, H. Kazemian, D. Eder, <em><mark style=\"background-color:rgba(0, 0, 0, 0)\" class=\"has-inline-color has-vivid-cyan-blue-color\">Glyphosate adsorption from water using selective ligand removal MOFs<\/mark><\/em>, Advanced Functional Materials, (2023), 2213862<\/p>\n\n\n\n<p><strong>7.<\/strong> &nbsp;&nbsp;&nbsp; S. Naghdi, M. M. Shahrestani, M. Zendehbad, H. Djahaniani, H. Kazemian, D. Eder, <em><mark style=\"background-color:rgba(0, 0, 0, 0)\" class=\"has-inline-color has-vivid-cyan-blue-color\">Recent advances in application of metal-organic frameworks (MOFs) as adsorbent and catalyst in removal of persistent organic pollutants (POPs)<\/mark><\/em><mark style=\"background-color:rgba(0, 0, 0, 0)\" class=\"has-inline-color has-black-color\">, Journal of Hazardous Materials,<\/mark> (2022), 442<\/p>\n\n\n\n<p><strong>8.<\/strong> &nbsp;&nbsp;&nbsp; S. Naghdi, A.Cherevan, A.Giesriegl, R.G.Nicolas, J.Wang, S.Biswas, M.C.Toroker, F.Kleitz, D.Eder <em><mark style=\"background-color:rgba(0, 0, 0, 0)\" class=\"has-inline-color has-vivid-cyan-blue-color\">Selective ligand removal to improve accessibility of active sites in hierarchical MOFs for heterogeneous photocatalysis<\/mark><\/em>, Nature Communications, (2022) 13:282<\/p>\n\n\n\n<p><strong>9.<\/strong> &nbsp;&nbsp;&nbsp; Pawel J. Kulesza, Beata Rytelewska, Iwona A. Rutkowska, Karolina Sobkowicz, Anna Chmielnicka, Takwa Chouki, and Saim Emin, (Invited) <em><mark style=\"background-color:rgba(0, 0, 0, 0)\" class=\"has-inline-color has-vivid-cyan-blue-color\">Electroreduction of Nitrogen to Ammonia at Iron Catalytic Sites Generated at Interfaces Utilizing Iron Phosphides and Heme-Type Complexes<\/mark><\/em>, ECS Transactions, 109 (12) 3-16 (2022).<\/p>\n\n\n\n<p><strong>10.<\/strong> &nbsp; Takwa Chouki, Manel Machreki, Iwona A. Rutkowska, Beata Rytelewska, Pawel J. Kulesza, Georgi Tyuliev, Moussab Harb, Luis Miguel Azofra, Saim Emin*, <em><mark style=\"background-color:rgba(0, 0, 0, 0)\" class=\"has-inline-color has-vivid-cyan-blue-color\">Highly active iron phosphide catalysts for selective electrochemical nitrate reduction to ammonia<\/mark><\/em>, Journal of Environmental Chemical Engineering 11 (2023) 109275.<\/p>\n\n\n\n<p><strong>11<\/strong>. Manel Machreki, Takwa Chouki, Georgi Tyuliev, Du\u0161an \u017digon, Bunsho Ohtani, Alexandre Loukanov, Plamen Stefanov, and Saim Emin*, <em><mark style=\"background-color:rgba(0, 0, 0, 0)\" class=\"has-inline-color has-vivid-cyan-blue-color\">Defective TiO<sub>2<\/sub> Nanotube Arrays for Efficient Photoelectrochemical Degradation of Organic Pollutants<\/mark><\/em>, ACS Omega 2023, 8, 24, 21605\u201321617.<\/p>\n\n\n\n<p><strong>12.<\/strong> Manel Machreki, Takwa Chouki, Georgi Tyuliev, Mattia Fanetti, Matja\u017e Valant, Denis Ar\u010don,<mark style=\"background-color:rgba(0, 0, 0, 0)\" class=\"has-inline-color has-black-color\"> <\/mark><mark style=\"background-color:rgba(0, 0, 0, 0)\" class=\"has-inline-color has-cyan-bluish-gray-color\">Matej Pregelj, and Saim Emin*,<\/mark><mark style=\"background-color:rgba(0, 0, 0, 0)\" class=\"has-inline-color has-vivid-cyan-blue-color\"> <\/mark><em><mark style=\"background-color:rgba(0, 0, 0, 0)\" class=\"has-inline-color has-vivid-cyan-blue-color\">The role of lattice defects on the optical properties of TiO<sub>2<\/sub> nanotubes arrays toward efficient photoelectrochemical water splitting<\/mark><\/em>, ACS Omega 2023, 8, 37, 33255\u201333265., <a href=\"https:\/\/doi.org\/10.1021\/acsomega.3c00965\"><mark style=\"background-color:rgba(0, 0, 0, 0)\" class=\"has-inline-color has-cyan-bluish-gray-color\">https:\/\/doi.org\/10.1021\/acsomega.3c00965<\/mark><\/a><\/p>\n\n\n\n<p><strong>13.<\/strong> Beata Rytelewska, Anna Chmielnicka, Takwa Chouki, Magdalena Skunik-Nuckowka, Shaghayegh Naghdi, Dominik Eder, Aleksandra Michalowska, Tomasz Ratajczyk, Egon Pavlica, Saim Emin, Yongsheng Fu, Iwona A. Rutkowska, Pawel J. Kulesza,<em> <mark style=\"background-color:rgba(0, 0, 0, 0)\" class=\"has-inline-color has-vivid-cyan-blue-color\">Efficient electrochemical nitrogen fixation at iron phosphide (Fe<sub>2<\/sub>P) catalyst in alkaline medium<\/mark><\/em>, Electrochimica Acta 471 (2023) 143360.<\/p>\n\n\n\n<p><strong>14. <\/strong>Manel Machreki, Takwa Chouki, Georgi Tyuliev, Du\u0161an \u017digon, Qian Guo, Ana Bel\u00e9n Jorge Sobrido, Stoichko Dimitrov, and Saim Emin*, <em><mark style=\"background-color:rgba(0, 0, 0, 0)\" class=\"has-inline-color has-vivid-cyan-blue-color\">Photoelectrochemical Activation of Peroxymonosulfate Using Sn-Doped a-Fe<sub>2<\/sub>O<sub>3<\/sub> Thin Film for Degradation of Anti-Inflammatory Pharmaceutical Drug<\/mark><\/em>, J. Photochem. Photobiol. A Chem 446 (2024) 115126. (IF=4.3), https:\/\/doi.org\/10.1016\/j.jphotochem.2023.115126<\/p>\n\n\n\n<p><strong>15.<\/strong> Manel Machreki; Artem Badasyan; Du\u0161an \u017digon; Georgi Tyuliev; Saim Emin, <em><mark style=\"background-color:rgba(0, 0, 0, 0)\" class=\"has-inline-color has-vivid-cyan-blue-color\">Photoelectrochemical conversion of biomass alcohols using in-situ Sn-doped Fe<sub>2<\/sub>O<sub>3<\/sub> thin films<\/mark><\/em>, Journal Environ. Chem. Engin. 115363 (2025) 115363; <a href=\"https:\/\/doi.org\/10.1016\/j.jece.2025.115363\"><mark style=\"background-color:rgba(0, 0, 0, 0)\" class=\"has-inline-color has-cyan-bluish-gray-color\">https:\/\/doi.org\/10.1016\/j.jece.2025.115363<\/mark><\/a><\/p>\n\n\n\n<p><strong>16.<\/strong> Ali Semerci, Javier Urieta Mora, Ali Buyruk, Rik Hooijer,Sander Driessden, Shuxia Tao, Agustin Molina, B\u00fclent Alkan, Seckin Akin, Mattia Fanetti, Harishankar Balakrishnan, Achim Hartschuh, Thomas Bein, Nazario Martin Leon, Peter M\u00fcller-Buschbaum, Saim Emin, Tayebeh Ameri, <em><mark style=\"background-color:rgba(0, 0, 0, 0)\" class=\"has-inline-color has-vivid-cyan-blue-color\">The Role of Fluorine-Functionalized Organic Spacers for Defect Passivation and Low-Dimensional Phase Formation in 3D MAPI Perovskite Solar Cells<\/mark>,<\/em> Adv. Funct. Mater. 2423109 (2025) 1-13.<\/p>\n\n\n\n<p><strong>17. <\/strong>Zakrzewska B., Jab\u0142onska A., Adamczyk L., Dembinska B., Kostuch A., Strawski M., Rutkowska I.A., Kulesza P.J., Marcinek M., Cox J.A., Miecznikowski K.,<mark style=\"background-color:rgba(0, 0, 0, 0)\" class=\"has-inline-color has-vivid-cyan-blue-color\"> <\/mark><em><mark style=\"background-color:rgba(0, 0, 0, 0)\" class=\"has-inline-color has-vivid-cyan-blue-color\">Pyrolyzed cobalt hexacyanocobaltate dispersed on reduced-graphene-oxide as an electrocatalyst of the oxygen reduction reaction in an alkaline medium<\/mark><\/em>, Journal of Materials Chemistry A, 2023, 11, 7286\u20137298.<\/p>\n\n\n\n<p><strong><mark style=\"background-color:rgba(0, 0, 0, 0)\" class=\"has-inline-color has-black-color\">Patent<\/mark><\/strong><\/p>\n\n\n\n<p>S. Naghdi, S. M. Zendehbad, D. Eder, <em><mark style=\"background-color:rgba(0, 0, 0, 0)\" class=\"has-inline-color has-vivid-cyan-blue-color\">Synthesis of highly water-stable Cu-based metal-organic frameworks for efficient adsorption of nitrate from aqueous solutions<\/mark>,<\/em> -A 50439\/2022; -31604-WO, 2022.<\/p>\n\n\n\n<figure class=\"wp-block-image size-full is-resized\"><img loading=\"lazy\" decoding=\"async\" width=\"884\" height=\"577\" src=\"https:\/\/multicat.ung.si\/wp-content\/uploads\/2023\/09\/Publication1.jpg\" alt=\"\" class=\"wp-image-70\" style=\"aspect-ratio:1.5305623471882641;width:814px;height:auto\" srcset=\"https:\/\/multicat.ung.si\/wp-content\/uploads\/2023\/09\/Publication1.jpg 884w, https:\/\/multicat.ung.si\/wp-content\/uploads\/2023\/09\/Publication1-300x196.jpg 300w, https:\/\/multicat.ung.si\/wp-content\/uploads\/2023\/09\/Publication1-768x501.jpg 768w\" sizes=\"auto, (max-width: 884px) 100vw, 884px\" \/><\/figure>\n\n\n\n<figure class=\"wp-block-image size-large is-resized\"><img loading=\"lazy\" decoding=\"async\" width=\"1024\" height=\"655\" src=\"https:\/\/multicat.ung.si\/wp-content\/uploads\/2025\/04\/Picture5-5-1024x655.jpg\" alt=\"\" class=\"wp-image-149\" style=\"width:818px;height:auto\" srcset=\"https:\/\/multicat.ung.si\/wp-content\/uploads\/2025\/04\/Picture5-5-1024x655.jpg 1024w, https:\/\/multicat.ung.si\/wp-content\/uploads\/2025\/04\/Picture5-5-300x192.jpg 300w, https:\/\/multicat.ung.si\/wp-content\/uploads\/2025\/04\/Picture5-5-768x491.jpg 768w, https:\/\/multicat.ung.si\/wp-content\/uploads\/2025\/04\/Picture5-5.jpg 1138w\" sizes=\"auto, (max-width: 1024px) 100vw, 1024px\" \/><\/figure>\n\n\n\n<figure class=\"wp-block-image size-full is-resized\"><img loading=\"lazy\" decoding=\"async\" width=\"897\" height=\"451\" src=\"https:\/\/multicat.ung.si\/wp-content\/uploads\/2023\/10\/Publication2.jpg\" alt=\"\" class=\"wp-image-90\" style=\"width:810px;height:auto\" srcset=\"https:\/\/multicat.ung.si\/wp-content\/uploads\/2023\/10\/Publication2.jpg 897w, https:\/\/multicat.ung.si\/wp-content\/uploads\/2023\/10\/Publication2-300x151.jpg 300w, https:\/\/multicat.ung.si\/wp-content\/uploads\/2023\/10\/Publication2-768x386.jpg 768w\" sizes=\"auto, (max-width: 897px) 100vw, 897px\" \/><\/figure>\n\n\n\n<figure class=\"wp-block-image size-large is-resized\"><img loading=\"lazy\" decoding=\"async\" width=\"1024\" height=\"769\" src=\"https:\/\/multicat.ung.si\/wp-content\/uploads\/2025\/04\/Picture6-4-1024x769.jpg\" alt=\"\" class=\"wp-image-150\" style=\"width:810px;height:auto\" srcset=\"https:\/\/multicat.ung.si\/wp-content\/uploads\/2025\/04\/Picture6-4-1024x769.jpg 1024w, https:\/\/multicat.ung.si\/wp-content\/uploads\/2025\/04\/Picture6-4-300x225.jpg 300w, https:\/\/multicat.ung.si\/wp-content\/uploads\/2025\/04\/Picture6-4-768x577.jpg 768w, https:\/\/multicat.ung.si\/wp-content\/uploads\/2025\/04\/Picture6-4.jpg 1127w\" sizes=\"auto, (max-width: 1024px) 100vw, 1024px\" \/><\/figure>\n\n\n\n<figure class=\"wp-block-image size-full is-resized\"><img loading=\"lazy\" decoding=\"async\" width=\"984\" height=\"692\" src=\"https:\/\/multicat.ung.si\/wp-content\/uploads\/2025\/04\/Picture2-1.jpg\" alt=\"\" class=\"wp-image-106\" style=\"width:812px;height:auto\" srcset=\"https:\/\/multicat.ung.si\/wp-content\/uploads\/2025\/04\/Picture2-1.jpg 984w, https:\/\/multicat.ung.si\/wp-content\/uploads\/2025\/04\/Picture2-1-300x211.jpg 300w, https:\/\/multicat.ung.si\/wp-content\/uploads\/2025\/04\/Picture2-1-768x540.jpg 768w\" sizes=\"auto, (max-width: 984px) 100vw, 984px\" \/><\/figure>\n\n\n\n<figure class=\"wp-block-image size-full is-resized\"><img loading=\"lazy\" decoding=\"async\" width=\"977\" height=\"858\" src=\"https:\/\/multicat.ung.si\/wp-content\/uploads\/2025\/04\/Picture3.jpg\" alt=\"\" class=\"wp-image-108\" style=\"width:808px;height:auto\" srcset=\"https:\/\/multicat.ung.si\/wp-content\/uploads\/2025\/04\/Picture3.jpg 977w, https:\/\/multicat.ung.si\/wp-content\/uploads\/2025\/04\/Picture3-300x263.jpg 300w, https:\/\/multicat.ung.si\/wp-content\/uploads\/2025\/04\/Picture3-768x674.jpg 768w\" sizes=\"auto, (max-width: 977px) 100vw, 977px\" \/><\/figure>\n\n\n\n<figure class=\"wp-block-image size-large is-resized\"><img loading=\"lazy\" decoding=\"async\" width=\"1024\" height=\"627\" src=\"https:\/\/multicat.ung.si\/wp-content\/uploads\/2025\/04\/Eder1-1024x627.jpg\" alt=\"\" class=\"wp-image-155\" style=\"width:814px;height:auto\" srcset=\"https:\/\/multicat.ung.si\/wp-content\/uploads\/2025\/04\/Eder1-1024x627.jpg 1024w, https:\/\/multicat.ung.si\/wp-content\/uploads\/2025\/04\/Eder1-300x184.jpg 300w, https:\/\/multicat.ung.si\/wp-content\/uploads\/2025\/04\/Eder1-768x470.jpg 768w, https:\/\/multicat.ung.si\/wp-content\/uploads\/2025\/04\/Eder1.jpg 1158w\" sizes=\"auto, (max-width: 1024px) 100vw, 1024px\" \/><\/figure>\n\n\n\n<figure class=\"wp-block-image size-large is-resized\"><img loading=\"lazy\" decoding=\"async\" width=\"1024\" height=\"691\" src=\"https:\/\/multicat.ung.si\/wp-content\/uploads\/2025\/04\/Eder2-1024x691.jpg\" alt=\"\" class=\"wp-image-157\" style=\"width:800px;height:auto\" srcset=\"https:\/\/multicat.ung.si\/wp-content\/uploads\/2025\/04\/Eder2-1024x691.jpg 1024w, https:\/\/multicat.ung.si\/wp-content\/uploads\/2025\/04\/Eder2-300x202.jpg 300w, https:\/\/multicat.ung.si\/wp-content\/uploads\/2025\/04\/Eder2-768x518.jpg 768w, https:\/\/multicat.ung.si\/wp-content\/uploads\/2025\/04\/Eder2.jpg 1107w\" sizes=\"auto, (max-width: 1024px) 100vw, 1024px\" \/><\/figure>\n","protected":false},"excerpt":{"rendered":"<p>List of selected published papers 1. &nbsp;&nbsp;&nbsp; Z. Huang, Z. Wang, Q. Zhou, H. Rabl, S. Naghdi, Z. Yang, D. Eder, Engineering of HO\u2013Zn\u2013N2 Active Sites in Zeolitic Imidazolate Frameworks for Enhanced (Photo)Electrocatalytic Hydrogen Evolution, Angew. Chem. Int. Ed. 2024, e202419913 (Hot Paper). DOI: 10.1002\/anie.202419913. 2. &nbsp;&nbsp;&nbsp; Z. Huang, Z. Wang, H. Rabl, S. Naghdi, [&hellip;]<\/p>\n","protected":false},"author":1,"featured_media":128,"parent":0,"menu_order":0,"comment_status":"closed","ping_status":"closed","template":"","meta":{"footnotes":""},"class_list":["post-34","page","type-page","status-publish","has-post-thumbnail","hentry"],"_links":{"self":[{"href":"https:\/\/multicat.ung.si\/index.php?rest_route=\/wp\/v2\/pages\/34","targetHints":{"allow":["GET"]}}],"collection":[{"href":"https:\/\/multicat.ung.si\/index.php?rest_route=\/wp\/v2\/pages"}],"about":[{"href":"https:\/\/multicat.ung.si\/index.php?rest_route=\/wp\/v2\/types\/page"}],"author":[{"embeddable":true,"href":"https:\/\/multicat.ung.si\/index.php?rest_route=\/wp\/v2\/users\/1"}],"replies":[{"embeddable":true,"href":"https:\/\/multicat.ung.si\/index.php?rest_route=%2Fwp%2Fv2%2Fcomments&post=34"}],"version-history":[{"count":31,"href":"https:\/\/multicat.ung.si\/index.php?rest_route=\/wp\/v2\/pages\/34\/revisions"}],"predecessor-version":[{"id":184,"href":"https:\/\/multicat.ung.si\/index.php?rest_route=\/wp\/v2\/pages\/34\/revisions\/184"}],"wp:featuredmedia":[{"embeddable":true,"href":"https:\/\/multicat.ung.si\/index.php?rest_route=\/wp\/v2\/media\/128"}],"wp:attachment":[{"href":"https:\/\/multicat.ung.si\/index.php?rest_route=%2Fwp%2Fv2%2Fmedia&parent=34"}],"curies":[{"name":"wp","href":"https:\/\/api.w.org\/{rel}","templated":true}]}}